{"id":14,"date":"2012-05-02T14:03:23","date_gmt":"2012-05-02T14:03:23","guid":{"rendered":"http:\/\/connect.utn.edu.ec\/facae\/carreras\/comercial\/?page_id=14"},"modified":"2025-04-29T15:49:03","modified_gmt":"2025-04-29T20:49:03","slug":"informacion","status":"publish","type":"page","link":"https:\/\/administracion.utn.edu.ec\/?page_id=14","title":{"rendered":"Informaci\u00f3n"},"content":{"rendered":"<h4 style=\"text-align: center;\">BIENVENIDA DEL COORDINADOR<a href=\"https:\/\/administracion.utn.edu.ec\/wp-content\/uploads\/2025\/04\/4.jpg\"><img loading=\"lazy\" decoding=\"async\" class=\"alignnone size-large wp-image-1135\" src=\"https:\/\/administracion.utn.edu.ec\/wp-content\/uploads\/2025\/04\/4-1024x1024.jpg\" alt=\"\" width=\"640\" height=\"640\" srcset=\"https:\/\/administracion.utn.edu.ec\/wp-content\/uploads\/2025\/04\/4-1024x1024.jpg 1024w, https:\/\/administracion.utn.edu.ec\/wp-content\/uploads\/2025\/04\/4-300x300.jpg 300w, https:\/\/administracion.utn.edu.ec\/wp-content\/uploads\/2025\/04\/4-150x150.jpg 150w, https:\/\/administracion.utn.edu.ec\/wp-content\/uploads\/2025\/04\/4-768x768.jpg 768w, https:\/\/administracion.utn.edu.ec\/wp-content\/uploads\/2025\/04\/4-270x270.jpg 270w, https:\/\/administracion.utn.edu.ec\/wp-content\/uploads\/2025\/04\/4.jpg 1080w\" sizes=\"auto, (max-width: 640px) 100vw, 640px\" \/><\/a><\/h4>\n<p>La Universidad T\u00e9cnica del Norte, guiada por el principio &#8220;Ciencia y T\u00e9cnica al Servicio del Pueblo&#8221;, ha consolidado su prestigio local, regional y nacional a trav\u00e9s de una formaci\u00f3n acad\u00e9mica de excelencia. La Carrera de Administraci\u00f3n de Empresas nace como respuesta a las demandas del entorno empresarial y tecnol\u00f3gico, formando profesionales capaces de tomar decisiones estrat\u00e9gicas y aplicar soluciones innovadoras en el mundo de los negocios.<\/p>\n<p>Nuestros egresados son profesionales multidisciplinarios, especializados en planificaci\u00f3n, organizaci\u00f3n, direcci\u00f3n y control. Su formaci\u00f3n les permite coordinar recursos humanos y materiales para alcanzar los objetivos organizacionales, tanto en el sector privado como en el p\u00fablico.<\/p>\n<p>La demanda de administradores en el \u00e1mbito corporativo y gubernamental ha crecido significativamente. Por ello, ofrecemos una formaci\u00f3n alineada con las tendencias globales y las necesidades del mercado, integrando tecnolog\u00eda, innovaci\u00f3n y responsabilidad social. Nuestro plan de estudios se actualiza constantemente para abordar los desaf\u00edos actuales y futuros, preparando a los estudiantes para diversos escenarios profesionales.<\/p>\n<p>Fomentamos un modelo educativo donde el estudiante asume un rol activo en su aprendizaje, apoyado por docentes que act\u00faan como gu\u00edas. Juntos, trabajamos en el desarrollo de competencias clave como: Iniciativa y creatividad, uso de tecnolog\u00edas, resoluci\u00f3n de problemas, trabajo en equipo.<\/p>\n<p>Adem\u00e1s, nuestra formaci\u00f3n est\u00e1 vinculada al Plan de Desarrollo Nacional y a la era del conocimiento, formando l\u00edderes que mejoren las condiciones sociales con una visi\u00f3n prospectiva.<\/p>\n<p>Los invitamos a ser parte de esta comunidad acad\u00e9mica, donde la calidad, la innovaci\u00f3n y el compromiso social son pilares fundamentales. \u00a1Juntos construiremos el futuro de la administraci\u00f3n empresarial!<\/p>\n<p>\u00a0<\/p>\n<p><strong>Ing. Rolando Soria MBA.<\/strong><\/p>\n<p><strong>Coordinador Carrera<\/strong><\/p>\n<p>\u00a0<\/p>\n\n\n<p><\/p>\n","protected":false},"excerpt":{"rendered":"<p>BIENVENIDA DEL COORDINADOR La Universidad T\u00e9cnica del Norte, guiada por el principio &#8220;Ciencia y T\u00e9cnica al Servicio del Pueblo&#8221;, ha consolidado su prestigio local, regional y nacional a trav\u00e9s de una formaci\u00f3n acad\u00e9mica de excelencia. La Carrera de Administraci\u00f3n de <a href=\"https:\/\/administracion.utn.edu.ec\/?page_id=14\" class=\"read-more\">Leer M\u00e1s [+] &#8230;<\/a><\/p>\n","protected":false},"author":7,"featured_media":0,"parent":0,"menu_order":2,"comment_status":"closed","ping_status":"closed","template":"","meta":{"footnotes":""},"class_list":["post-14","page","type-page","status-publish","hentry"],"_links":{"self":[{"href":"https:\/\/administracion.utn.edu.ec\/index.php?rest_route=\/wp\/v2\/pages\/14","targetHints":{"allow":["GET"]}}],"collection":[{"href":"https:\/\/administracion.utn.edu.ec\/index.php?rest_route=\/wp\/v2\/pages"}],"about":[{"href":"https:\/\/administracion.utn.edu.ec\/index.php?rest_route=\/wp\/v2\/types\/page"}],"author":[{"embeddable":true,"href":"https:\/\/administracion.utn.edu.ec\/index.php?rest_route=\/wp\/v2\/users\/7"}],"replies":[{"embeddable":true,"href":"https:\/\/administracion.utn.edu.ec\/index.php?rest_route=%2Fwp%2Fv2%2Fcomments&post=14"}],"version-history":[{"count":27,"href":"https:\/\/administracion.utn.edu.ec\/index.php?rest_route=\/wp\/v2\/pages\/14\/revisions"}],"predecessor-version":[{"id":1141,"href":"https:\/\/administracion.utn.edu.ec\/index.php?rest_route=\/wp\/v2\/pages\/14\/revisions\/1141"}],"wp:attachment":[{"href":"https:\/\/administracion.utn.edu.ec\/index.php?rest_route=%2Fwp%2Fv2%2Fmedia&parent=14"}],"curies":[{"name":"wp","href":"https:\/\/api.w.org\/{rel}","templated":true}]}}