{"id":32,"date":"2012-05-02T14:07:04","date_gmt":"2012-05-02T14:07:04","guid":{"rendered":"http:\/\/connect.utn.edu.ec\/facae\/carreras\/comercial\/?page_id=32"},"modified":"2024-03-19T12:29:44","modified_gmt":"2024-03-19T17:29:44","slug":"perfil-de-ingreso","status":"publish","type":"page","link":"https:\/\/administracion.utn.edu.ec\/?page_id=32","title":{"rendered":"Perfil de Ingreso"},"content":{"rendered":"<h4 style=\"text-align: center;\">PERFIL DE INGRESO<\/h4>\n<p>El aspirante que desee ingresar a la carrera de Ingenier\u00eda Comercial deber\u00e1 poseer:<\/p>\n<p><strong>Conocimientos:<\/strong><\/p>\n<p>Matem\u00e1ticas, Estad\u00edstica, Contabilidad, Administraci\u00f3n, Inform\u00e1tica, Cultura general<\/p>\n<p><strong>Habilidades:<\/strong><\/p>\n<p style=\"text-align: justify;\">Manejar datos num\u00e9ricos, identificar problemas y proponer soluciones, lecto-escritura, analizar, sintetizar, y emitir una opini\u00f3n propia, trabajar en equipo, adaptarse a diferentes entornos.<\/p>\n<p><strong>\u00a0<\/strong><strong>Actitudes:<\/strong><\/p>\n<p style=\"text-align: justify;\">Inter\u00e9s por \u00e1reas contables y administrativas, compromiso, honestidad, seguridad en s\u00ed mismo, tolerancia, proactivo en el trabajo de equipo, esp\u00edritu de servicio a sus semejantes, respetuoso de las leyes naturales, respetuoso a las normas institucionales, responsabilidad en s\u00ed mismo y sus actos, ejemplificador de los valores universales, eficiencia en su quehacer.<\/p>\n<p><img loading=\"lazy\" decoding=\"async\" class=\"aligncenter size-full wp-image-1085\" src=\"https:\/\/administracion.utn.edu.ec\/wp-content\/uploads\/2016\/09\/312625990_417401223917769_8267593851792642869_n.jpg\" alt=\"\" width=\"960\" height=\"640\" srcset=\"https:\/\/administracion.utn.edu.ec\/wp-content\/uploads\/2016\/09\/312625990_417401223917769_8267593851792642869_n.jpg 960w, https:\/\/administracion.utn.edu.ec\/wp-content\/uploads\/2016\/09\/312625990_417401223917769_8267593851792642869_n-300x200.jpg 300w, https:\/\/administracion.utn.edu.ec\/wp-content\/uploads\/2016\/09\/312625990_417401223917769_8267593851792642869_n-768x512.jpg 768w, https:\/\/administracion.utn.edu.ec\/wp-content\/uploads\/2016\/09\/312625990_417401223917769_8267593851792642869_n-360x240.jpg 360w\" sizes=\"auto, (max-width: 960px) 100vw, 960px\" \/><\/p>\n","protected":false},"excerpt":{"rendered":"<p>PERFIL DE INGRESO El aspirante que desee ingresar a la carrera de Ingenier\u00eda Comercial deber\u00e1 poseer: Conocimientos: Matem\u00e1ticas, Estad\u00edstica, Contabilidad, Administraci\u00f3n, Inform\u00e1tica, Cultura general Habilidades: Manejar datos num\u00e9ricos, identificar problemas y proponer soluciones, lecto-escritura, analizar, sintetizar, y emitir una opini\u00f3n <a href=\"https:\/\/administracion.utn.edu.ec\/?page_id=32\" class=\"read-more\">Leer M\u00e1s [+] &#8230;<\/a><\/p>\n","protected":false},"author":7,"featured_media":0,"parent":40,"menu_order":1,"comment_status":"closed","ping_status":"closed","template":"","meta":{"footnotes":""},"class_list":["post-32","page","type-page","status-publish","hentry"],"_links":{"self":[{"href":"https:\/\/administracion.utn.edu.ec\/index.php?rest_route=\/wp\/v2\/pages\/32","targetHints":{"allow":["GET"]}}],"collection":[{"href":"https:\/\/administracion.utn.edu.ec\/index.php?rest_route=\/wp\/v2\/pages"}],"about":[{"href":"https:\/\/administracion.utn.edu.ec\/index.php?rest_route=\/wp\/v2\/types\/page"}],"author":[{"embeddable":true,"href":"https:\/\/administracion.utn.edu.ec\/index.php?rest_route=\/wp\/v2\/users\/7"}],"replies":[{"embeddable":true,"href":"https:\/\/administracion.utn.edu.ec\/index.php?rest_route=%2Fwp%2Fv2%2Fcomments&post=32"}],"version-history":[{"count":22,"href":"https:\/\/administracion.utn.edu.ec\/index.php?rest_route=\/wp\/v2\/pages\/32\/revisions"}],"predecessor-version":[{"id":1092,"href":"https:\/\/administracion.utn.edu.ec\/index.php?rest_route=\/wp\/v2\/pages\/32\/revisions\/1092"}],"up":[{"embeddable":true,"href":"https:\/\/administracion.utn.edu.ec\/index.php?rest_route=\/wp\/v2\/pages\/40"}],"wp:attachment":[{"href":"https:\/\/administracion.utn.edu.ec\/index.php?rest_route=%2Fwp%2Fv2%2Fmedia&parent=32"}],"curies":[{"name":"wp","href":"https:\/\/api.w.org\/{rel}","templated":true}]}}