{"id":426,"date":"2013-05-19T09:21:37","date_gmt":"2013-05-19T14:21:37","guid":{"rendered":"http:\/\/www.utn.edu.ec\/facae\/carreras\/comercial\/?page_id=426"},"modified":"2024-03-19T11:30:00","modified_gmt":"2024-03-19T16:30:00","slug":"infraestrutura-laboratorios","status":"publish","type":"page","link":"https:\/\/administracion.utn.edu.ec\/?page_id=426","title":{"rendered":"Infraestructura \/ Laboratorios"},"content":{"rendered":"<p>Los laboratorios de computaci\u00f3n de la Facultad de Ciencias Administrativas y Econ\u00f3micas\u00a0proporcionan en forma \u00f3ptima y adecuada sus servicios para desarrollar aplicaciones pr\u00e1cticas, investigaciones y complementaci\u00f3n de la formaci\u00f3n t\u00e9cnica de los docentes y estudiantes de la misma. Estos espacios f\u00edsicos est\u00e1n asignados para las diferentes carreras en las franjas horarias determinadas.<\/p>\n<table>\n<tbody>\n<tr>\n<td colspan=\"2\" width=\"586\"><strong>LABORATORIO N\u00ba 1<\/strong><\/td>\n<\/tr>\n<tr>\n<td style=\"text-align: center;\" colspan=\"2\" width=\"586\"><strong>RESPONSABLE: MSC<\/strong><strong>. MARTHA PANTOJA<\/strong><\/td>\n<\/tr>\n<tr>\n<td rowspan=\"6\" width=\"217\">\u00a0<a href=\"https:\/\/administracion.utn.edu.ec\/wp-content\/uploads\/2023\/01\/laboratorio-1.jpg\"><img loading=\"lazy\" decoding=\"async\" class=\"alignnone size-medium wp-image-1026\" src=\"https:\/\/administracion.utn.edu.ec\/wp-content\/uploads\/2023\/01\/laboratorio-1-300x200.jpg\" alt=\"\" width=\"300\" height=\"200\" srcset=\"https:\/\/administracion.utn.edu.ec\/wp-content\/uploads\/2023\/01\/laboratorio-1-300x200.jpg 300w, https:\/\/administracion.utn.edu.ec\/wp-content\/uploads\/2023\/01\/laboratorio-1-768x512.jpg 768w, https:\/\/administracion.utn.edu.ec\/wp-content\/uploads\/2023\/01\/laboratorio-1-1024x683.jpg 1024w, https:\/\/administracion.utn.edu.ec\/wp-content\/uploads\/2023\/01\/laboratorio-1-360x240.jpg 360w\" sizes=\"auto, (max-width: 300px) 100vw, 300px\" \/><\/a><\/td>\n<td style=\"text-align: left;\" width=\"369\"><strong>NOMBRE DEL EQUIPO: <\/strong><strong>COMPUTADOR ALL-IN-ONE (DELL) <\/strong><\/td>\n<\/tr>\n<tr>\n<td style=\"text-align: left;\" width=\"369\"><strong>CANTIDAD:<\/strong><strong> 21<\/strong><\/td>\n<\/tr>\n<tr>\n<td style=\"text-align: left;\" width=\"369\"><strong>UTILIDAD T\u00c9CNICA DEL EQUIPO:<\/strong><strong> USO ACAD\u00c9MICO<\/strong><\/td>\n<\/tr>\n<tr>\n<td style=\"text-align: left;\" width=\"369\"><strong>UBICACI\u00d3N:<\/strong><strong> PLANTA BAJA<\/strong><\/td>\n<\/tr>\n<tr>\n<td style=\"text-align: left;\" width=\"369\"><strong>PROYECTOR EPSON<\/strong><\/td>\n<\/tr>\n<tr>\n<td style=\"text-align: left;\" width=\"369\"><strong>PIZARRA <\/strong><\/td>\n<\/tr>\n<\/tbody>\n<\/table>\n<table>\n<tbody>\n<tr>\n<td colspan=\"2\" width=\"586\"><strong>LABORATORIO N\u00ba 2<\/strong><\/td>\n<\/tr>\n<tr>\n<td colspan=\"2\" width=\"586\"><strong>RESPONSABLE: MSC<\/strong><strong>. MARTHA PANTOJA<\/strong><\/td>\n<\/tr>\n<tr>\n<td rowspan=\"6\" width=\"217\"><a href=\"https:\/\/administracion.utn.edu.ec\/wp-content\/uploads\/2023\/01\/laboratorio-2.jpg\"><img loading=\"lazy\" decoding=\"async\" class=\"alignnone size-medium wp-image-1023\" src=\"https:\/\/administracion.utn.edu.ec\/wp-content\/uploads\/2023\/01\/laboratorio-2-300x225.jpg\" alt=\"\" width=\"300\" height=\"225\" srcset=\"https:\/\/administracion.utn.edu.ec\/wp-content\/uploads\/2023\/01\/laboratorio-2-300x225.jpg 300w, https:\/\/administracion.utn.edu.ec\/wp-content\/uploads\/2023\/01\/laboratorio-2-768x576.jpg 768w, https:\/\/administracion.utn.edu.ec\/wp-content\/uploads\/2023\/01\/laboratorio-2-1024x768.jpg 1024w, https:\/\/administracion.utn.edu.ec\/wp-content\/uploads\/2023\/01\/laboratorio-2-360x270.jpg 360w\" sizes=\"auto, (max-width: 300px) 100vw, 300px\" \/><\/a><\/td>\n<td width=\"369\">\n<p style=\"text-align: left;\"><strong>NOMBRE DEL EQUIPO: <\/strong><strong>COMPUTADORA ALL IN ONE APPLE IMAC <\/strong><\/p>\n<\/td>\n<\/tr>\n<tr>\n<td width=\"369\">\n<p style=\"text-align: left;\"><strong>CANTIDAD:<\/strong><strong>\u00a0 36<\/strong><\/p>\n<\/td>\n<\/tr>\n<tr>\n<td width=\"369\">\n<p style=\"text-align: left;\"><strong>UTILIDAD T\u00c9CNICA DEL EQUIPO:<\/strong><strong> USO ACAD\u00c9MICO<\/strong><\/p>\n<\/td>\n<\/tr>\n<tr>\n<td width=\"369\">\n<p style=\"text-align: left;\"><strong>UBICACI\u00d3N:<\/strong><strong> PLANTA BAJA<\/strong><\/p>\n<\/td>\n<\/tr>\n<tr>\n<td width=\"369\">\n<p style=\"text-align: left;\"><strong>PROYECTOR EPSON<\/strong><\/p>\n<\/td>\n<\/tr>\n<tr>\n<td width=\"369\">\n<p style=\"text-align: left;\"><strong>PIZARRA <\/strong><\/p>\n<\/td>\n<\/tr>\n<\/tbody>\n<\/table>\n<table>\n<tbody>\n<tr>\n<td colspan=\"2\" width=\"586\"><strong>LABORATORIO N\u00ba 3<\/strong><\/td>\n<\/tr>\n<tr>\n<td colspan=\"2\" width=\"586\">\n<p style=\"text-align: center;\"><strong>RESPONSABLE: <\/strong><strong>ING. MAURICIO JIJ\u00d3N<\/strong><\/p>\n<\/td>\n<\/tr>\n<tr>\n<td rowspan=\"6\" width=\"217\">&nbsp;<\/p>\n<p><a href=\"https:\/\/administracion.utn.edu.ec\/wp-content\/uploads\/2023\/01\/laboratorio-3.jpg\"><img loading=\"lazy\" decoding=\"async\" class=\"alignnone size-medium wp-image-1021\" src=\"https:\/\/administracion.utn.edu.ec\/wp-content\/uploads\/2023\/01\/laboratorio-3-300x173.jpg\" alt=\"\" width=\"300\" height=\"173\" srcset=\"https:\/\/administracion.utn.edu.ec\/wp-content\/uploads\/2023\/01\/laboratorio-3-300x173.jpg 300w, https:\/\/administracion.utn.edu.ec\/wp-content\/uploads\/2023\/01\/laboratorio-3-360x207.jpg 360w, https:\/\/administracion.utn.edu.ec\/wp-content\/uploads\/2023\/01\/laboratorio-3.jpg 623w\" sizes=\"auto, (max-width: 300px) 100vw, 300px\" \/><\/a><\/p>\n<p>&nbsp;<\/td>\n<td width=\"369\">\n<p style=\"text-align: left;\"><strong>NOMBRE DEL EQUIPO: <\/strong><strong>COMPUTADORAS DE ESCRITORIO (ACER)<\/strong><\/p>\n<\/td>\n<\/tr>\n<tr>\n<td width=\"369\">\n<p style=\"text-align: left;\"><strong>CANTIDAD:<\/strong><strong> 41<\/strong><\/p>\n<\/td>\n<\/tr>\n<tr>\n<td width=\"369\">\n<p style=\"text-align: left;\"><strong>UTILIDAD T\u00c9CNICA DEL EQUIPO:<\/strong><strong> USO ACAD\u00c9MICO<\/strong><\/p>\n<\/td>\n<\/tr>\n<tr>\n<td width=\"369\">\n<p style=\"text-align: left;\"><strong>UBICACI\u00d3N:<\/strong><strong> PLANTA BAJA<\/strong><\/p>\n<\/td>\n<\/tr>\n<tr>\n<td width=\"369\">\n<p style=\"text-align: left;\"><strong>PROYECTOR EPSON<\/strong><\/p>\n<\/td>\n<\/tr>\n<tr>\n<td width=\"369\">\n<p style=\"text-align: left;\"><strong>PIZARRA <\/strong><\/p>\n<\/td>\n<\/tr>\n<\/tbody>\n<\/table>\n<table>\n<tbody>\n<tr>\n<td colspan=\"2\" width=\"586\"><strong>LABORATORIO N\u00ba 4<\/strong><\/td>\n<\/tr>\n<tr>\n<td style=\"text-align: center;\" colspan=\"2\" width=\"586\"><strong>RESPONSABLE: <\/strong><strong>LCDA. LORENA FLORES<\/strong><\/td>\n<\/tr>\n<tr>\n<td rowspan=\"6\" width=\"217\"><a href=\"https:\/\/administracion.utn.edu.ec\/wp-content\/uploads\/2023\/01\/laboratorio-4.jpg\"><img loading=\"lazy\" decoding=\"async\" class=\"alignnone size-medium wp-image-1022\" src=\"https:\/\/administracion.utn.edu.ec\/wp-content\/uploads\/2023\/01\/laboratorio-4-300x200.jpg\" alt=\"\" width=\"300\" height=\"200\" srcset=\"https:\/\/administracion.utn.edu.ec\/wp-content\/uploads\/2023\/01\/laboratorio-4-300x200.jpg 300w, https:\/\/administracion.utn.edu.ec\/wp-content\/uploads\/2023\/01\/laboratorio-4-768x512.jpg 768w, https:\/\/administracion.utn.edu.ec\/wp-content\/uploads\/2023\/01\/laboratorio-4-1024x683.jpg 1024w, https:\/\/administracion.utn.edu.ec\/wp-content\/uploads\/2023\/01\/laboratorio-4-360x240.jpg 360w\" sizes=\"auto, (max-width: 300px) 100vw, 300px\" \/><\/a><\/td>\n<td width=\"369\">\n<p style=\"text-align: left;\"><strong>NOMBRE DEL EQUIPO: <\/strong><strong>COMPUTADOR ALL-IN-ONE (LENOVO Y ACER)<\/strong><\/p>\n<\/td>\n<\/tr>\n<tr>\n<td width=\"369\">\n<p style=\"text-align: left;\"><strong>CANTIDAD:<\/strong><strong> 32<\/strong><\/p>\n<\/td>\n<\/tr>\n<tr>\n<td width=\"369\">\n<p style=\"text-align: left;\"><strong>UTILIDAD T\u00c9CNICA DEL EQUIPO:<\/strong><strong> USO ACAD\u00c9MICO<\/strong><\/p>\n<\/td>\n<\/tr>\n<tr>\n<td width=\"369\">\n<p style=\"text-align: left;\"><strong>UBICACI\u00d3N:<\/strong><strong> PLANTA BAJA<\/strong><\/p>\n<\/td>\n<\/tr>\n<tr>\n<td width=\"369\">\n<p style=\"text-align: left;\"><strong>PROYECTOR EPSON<\/strong><\/p>\n<\/td>\n<\/tr>\n<tr>\n<td width=\"369\">\n<p style=\"text-align: left;\"><strong>PIZARRA <\/strong><\/p>\n<\/td>\n<\/tr>\n<\/tbody>\n<\/table>\n","protected":false},"excerpt":{"rendered":"<p>Los laboratorios de computaci\u00f3n de la Facultad de Ciencias Administrativas y Econ\u00f3micas\u00a0proporcionan en forma \u00f3ptima y adecuada sus servicios para desarrollar aplicaciones pr\u00e1cticas, investigaciones y complementaci\u00f3n de la formaci\u00f3n t\u00e9cnica de los docentes y estudiantes de la misma. Estos espacios <a href=\"https:\/\/administracion.utn.edu.ec\/?page_id=426\" class=\"read-more\">Leer M\u00e1s [+] &#8230;<\/a><\/p>\n","protected":false},"author":7,"featured_media":0,"parent":14,"menu_order":5,"comment_status":"closed","ping_status":"closed","template":"","meta":{"footnotes":""},"class_list":["post-426","page","type-page","status-publish","hentry"],"_links":{"self":[{"href":"https:\/\/administracion.utn.edu.ec\/index.php?rest_route=\/wp\/v2\/pages\/426","targetHints":{"allow":["GET"]}}],"collection":[{"href":"https:\/\/administracion.utn.edu.ec\/index.php?rest_route=\/wp\/v2\/pages"}],"about":[{"href":"https:\/\/administracion.utn.edu.ec\/index.php?rest_route=\/wp\/v2\/types\/page"}],"author":[{"embeddable":true,"href":"https:\/\/administracion.utn.edu.ec\/index.php?rest_route=\/wp\/v2\/users\/7"}],"replies":[{"embeddable":true,"href":"https:\/\/administracion.utn.edu.ec\/index.php?rest_route=%2Fwp%2Fv2%2Fcomments&post=426"}],"version-history":[{"count":29,"href":"https:\/\/administracion.utn.edu.ec\/index.php?rest_route=\/wp\/v2\/pages\/426\/revisions"}],"predecessor-version":[{"id":1024,"href":"https:\/\/administracion.utn.edu.ec\/index.php?rest_route=\/wp\/v2\/pages\/426\/revisions\/1024"}],"up":[{"embeddable":true,"href":"https:\/\/administracion.utn.edu.ec\/index.php?rest_route=\/wp\/v2\/pages\/14"}],"wp:attachment":[{"href":"https:\/\/administracion.utn.edu.ec\/index.php?rest_route=%2Fwp%2Fv2%2Fmedia&parent=426"}],"curies":[{"name":"wp","href":"https:\/\/api.w.org\/{rel}","templated":true}]}}