{"id":469,"date":"2013-05-19T10:59:29","date_gmt":"2013-05-19T15:59:29","guid":{"rendered":"http:\/\/www.utn.edu.ec\/facae\/carreras\/comercial\/?page_id=469"},"modified":"2021-09-21T11:29:55","modified_gmt":"2021-09-21T16:29:55","slug":"investigacion","status":"publish","type":"page","link":"https:\/\/administracion.utn.edu.ec\/?page_id=469","title":{"rendered":"Investigaci\u00f3n"},"content":{"rendered":"<h4 style=\"text-align: center;\">INVESTIGACI\u00d3N<\/h4>\n<p style=\"text-align: justify;\">La Carrera de Administraci\u00f3n de Empresas, pionera en\u00a0 educaci\u00f3n superior en el norte del pa\u00eds, imparte una formaci\u00f3n integral a sus docentes y estudiantes quienes se insertan como entes positivos en el campo de la investigaci\u00f3n, desarrollo econ\u00f3mico y crecimiento constante de su entorno social con el que est\u00e1n \u00edntimamente relacionados.<\/p>\n<p style=\"text-align: justify;\">El proyecto Pron\u00f3stico de la demanda tur\u00edstica incluyendo variables mercadol\u00f3gicas y administrativas caso de estudio Imbabura, Ecuador, tiene como objetivo definir una alternativa para elaborar pron\u00f3sticos cuantitativos y causales a corto plazo, de la demanda tur\u00edstica Imbabura, Ecuador, aplicando redes neuronales como herramienta de la inteligencia artificial. Misma que permita incorporar variables mercadol\u00f3gicas y simular sus efectos en la demanda tur\u00edstica, con rigor cient\u00edfico y pr\u00e1ctico.<\/p>\n<p style=\"text-align: justify;\">Sus resultados pueden respaldar la planificaci\u00f3n y toma de decisiones oportunas sobre acciones orientadas a estimular la demanda tur\u00edstica. Permiten simular el efecto de acciones que realiza el destino tur\u00edstico y en la que se invierten numerosos recursos.<\/p>\n<p style=\"text-align: justify;\">Constituye una adecuaci\u00f3n al contexto ecuatoriano de la metodolog\u00eda que se aplic\u00f3 anteriormente, con buenos resultados, para pronosticar y simular las llegadas de visitantes procedentes de diferentes mercados a Cuba.<\/p>\n<p>&nbsp;<\/p>\n<p><img decoding=\"async\" class=\"aligncenter\" src=\"https:\/\/administracion.utn.edu.ec\/wp-content\/uploads\/2013\/05\/investigacion-300x168.jpg\" alt=\"investigacion\" \/><\/p>\n<p>&nbsp;<\/p>\n","protected":false},"excerpt":{"rendered":"<p>INVESTIGACI\u00d3N La Carrera de Administraci\u00f3n de Empresas, pionera en\u00a0 educaci\u00f3n superior en el norte del pa\u00eds, imparte una formaci\u00f3n integral a sus docentes y estudiantes quienes se insertan como entes positivos en el campo de la investigaci\u00f3n, desarrollo econ\u00f3mico y <a href=\"https:\/\/administracion.utn.edu.ec\/?page_id=469\" class=\"read-more\">Leer M\u00e1s [+] &#8230;<\/a><\/p>\n","protected":false},"author":7,"featured_media":0,"parent":0,"menu_order":4,"comment_status":"closed","ping_status":"closed","template":"","meta":{"footnotes":""},"class_list":["post-469","page","type-page","status-publish","hentry"],"_links":{"self":[{"href":"https:\/\/administracion.utn.edu.ec\/index.php?rest_route=\/wp\/v2\/pages\/469","targetHints":{"allow":["GET"]}}],"collection":[{"href":"https:\/\/administracion.utn.edu.ec\/index.php?rest_route=\/wp\/v2\/pages"}],"about":[{"href":"https:\/\/administracion.utn.edu.ec\/index.php?rest_route=\/wp\/v2\/types\/page"}],"author":[{"embeddable":true,"href":"https:\/\/administracion.utn.edu.ec\/index.php?rest_route=\/wp\/v2\/users\/7"}],"replies":[{"embeddable":true,"href":"https:\/\/administracion.utn.edu.ec\/index.php?rest_route=%2Fwp%2Fv2%2Fcomments&post=469"}],"version-history":[{"count":17,"href":"https:\/\/administracion.utn.edu.ec\/index.php?rest_route=\/wp\/v2\/pages\/469\/revisions"}],"predecessor-version":[{"id":932,"href":"https:\/\/administracion.utn.edu.ec\/index.php?rest_route=\/wp\/v2\/pages\/469\/revisions\/932"}],"wp:attachment":[{"href":"https:\/\/administracion.utn.edu.ec\/index.php?rest_route=%2Fwp%2Fv2%2Fmedia&parent=469"}],"curies":[{"name":"wp","href":"https:\/\/api.w.org\/{rel}","templated":true}]}}