{"id":495,"date":"2013-05-19T12:12:04","date_gmt":"2013-05-19T17:12:04","guid":{"rendered":"http:\/\/www.utn.edu.ec\/facae\/carreras\/comercial\/?page_id=495"},"modified":"2023-06-30T16:39:40","modified_gmt":"2023-06-30T21:39:40","slug":"giras-academicas","status":"publish","type":"page","link":"https:\/\/administracion.utn.edu.ec\/?page_id=495","title":{"rendered":"Giras Acad\u00e9micas"},"content":{"rendered":"<h3 style=\"text-align: center;\">GIRAS ACAD\u00c9MICAS<\/h3>\n<p><strong>1.- <span style=\"text-decoration: underline;\">UNIDAD ACAD\u00c9MICA EJECUTORA<\/span>:<\/strong>CARRERA DE INGENIER\u00cdA COMERCIAL<\/p>\n<p><strong>2.-\u00a0 <span style=\"text-decoration: underline;\">UNIDAD ACAD\u00c9MICA RECEPTORA<\/span><\/strong>: UNIVERSIDAD SANFRANCISCO DE QUITO<\/p>\n<p><strong>3.-\u00a0 <span style=\"text-decoration: underline;\">NOMBRE DE LA CAPACITACI\u00d3N:<\/span><\/strong> ESTILO SOCIAL DEL CONOCIMIENTO HUMANO<\/p>\n<p><strong>4.-\u00a0 <span style=\"text-decoration: underline;\">OBJETIVO<\/span>: <\/strong>Comprender la importancia del sector del conocimiento y del Talento Humano, dentro de las Instituciones Educativas de Educaci\u00f3n Superior con la finalidad de una mejora constante en la articulaci\u00f3n y producci\u00f3n de saberes.<\/p>\n<p><strong>5.- <span style=\"text-decoration: underline;\">NOMBRE DEL FACILITADOR<\/span>: <\/strong>M\u00e1ster C\u00e9sar Cisneros, Decano del Colegio Mayor de Educaci\u00f3n Continua<\/p>\n<p><strong>6.- <span style=\"text-decoration: underline;\">FECHA Y HORA<\/span>:<\/strong>jueves 03 de marzo del 2016\u00a0 a las 09:00 AM<\/p>\n<p><strong>7.- <span style=\"text-decoration: underline;\">N\u00daMERO DE ASISTENTES<\/span>.\u00a0 <\/strong>17 docentes<\/p>\n<p><strong>8.- <span style=\"text-decoration: underline;\">CONTENIDOS<\/span>: <\/strong>Conocimiento y sociedad, Informaci\u00f3n y progreso cient\u00edfico, Conocimiento y cambio social<\/p>\n<p><strong>9.-\u00a0RESULTADOS:\u00a0<\/strong>Al finalizar el taller los integrantes del mismo estar\u00e1n en la capacidad de comprender el proceso de apropiaci\u00f3n social del conocimiento en el contexto de las sociedades de la informaci\u00f3n, con la finalidad de mejorar procesos de ense\u00f1anza, aprendizaje; que posibiliten oportunidades a educandos y educadores, en la difusi\u00f3n del conocimiento en el aula.<\/p>\n<p><img decoding=\"async\" class=\"aligncenter\" src=\"https:\/\/administracion.utn.edu.ec\/wp-content\/uploads\/2013\/05\/giras-300x172.jpg\" alt=\"giras\" \/><\/p>\n<p>&nbsp;<\/p>\n<p>&nbsp;<\/p>\n<p><strong>\u00a0GIRA ESTUDIANTES<\/strong><\/p>\n<p>&nbsp;<\/p>\n<p><strong>1.- DATOS INFORMATIVOS<\/strong><\/p>\n<p><strong>CURSO Y PARALELO:<\/strong> Sexto A1, Sexto A2<\/p>\n<p><strong>N\u00daMERO DE ESTUDIANTES:<\/strong> 50 Estudiantes.<\/p>\n<p><strong>DOCENTE:<\/strong> Mgtr. Rossana Rosales M.<\/p>\n<p><strong>FECHA:<\/strong> 22\/07\/2016<\/p>\n<p><strong>LUGAR:<\/strong> Quito<\/p>\n<p><strong>INSTITUCI\u00d3N A VISITAR:<\/strong> Bolsa de Valores de Quito.<\/p>\n<p><strong>2.- OBJETIVOS <\/strong><\/p>\n<ul>\n<li>Cumplir con la pol\u00edtica institucional de la Universidad T\u00e9cnica del Norte y la facultad de Ciencias Administrativas y Econ\u00f3micas FACAE.<\/li>\n<li>Conocer la Bolsa de Valores de Quito.<\/li>\n<li>Participar en el juego de simulaci\u00f3n de compra y venta de acciones en la Bolsa.<\/li>\n<\/ul>\n<p><strong>3.-\u00a0 ACTIVIDADES EN LA BOLSA DE VALORES DE QUITO 22\/07\/2016<\/strong><\/p>\n<p><strong>1)\u00a0\u00a0\u00a0 <\/strong>Se recibi\u00f3 una capacitaci\u00f3n por parte de un funcionario de la BOLSA DE VALORES DE QUITO, de todas las generalidades de negociar en la Bolsa de 17:00 a 21:00, con la finalidad de obtener un certificado que abaliza la \u00b4participaci\u00f3n en el mismo.<\/p>\n<p><strong>2)\u00a0\u00a0\u00a0 <\/strong>De 19:15 a 21:00 se contin\u00faa con la segunda jornada de capacitaci\u00f3n.<\/p>\n<p><strong>3)\u00a0\u00a0\u00a0 <\/strong>Se realiz\u00f3 el interuniversitario con juegos en la Bolsa de Valores, el cual se dio con la participaci\u00f3n de todos los estudiantes.<\/p>\n<p><strong>4)\u00a0\u00a0\u00a0 <\/strong>Se nos premi\u00f3 al primer lugar que fueron de grupos de 12 estudiantes a los se\u00f1ores estudiantes: Bayron Cotacachi, Mauricio Ibarra, Jonathan Ruiz, Francisco Vaca.<\/p>\n<p>&nbsp;<\/p>\n<p><img decoding=\"async\" class=\"aligncenter\" src=\"https:\/\/administracion.utn.edu.ec\/wp-content\/uploads\/2013\/05\/GIRA1-300x179.jpg\" alt=\"GIRA1\" \/><\/p>\n<p>Las salidas de campo en la carrera de Administraci\u00f3n de Empresas buscan proporcionar a los estudiantes una experiencia pr\u00e1ctica que complemente su formaci\u00f3n te\u00f3rica. Estas salidas les permiten interactuar con profesionales, aplicar conocimientos, desarrollar habilidades y obtener una visi\u00f3n m\u00e1s completa del entorno empresarial en el que ejercer\u00e1n su profesi\u00f3n.<\/p>\n<p><strong><a href=\"https:\/\/administracion.utn.edu.ec\/wp-content\/uploads\/2023\/06\/GIRA-13-DE-JUNIO-2023-RESPONSABLE-MSC.-JULIO-ANDRADE.jpg\">GIRA 13 DE JUNIO 2023 &#8211; RESPONSABLE: MSC. JULIO ANDRADE<\/a><\/strong><\/p>\n","protected":false},"excerpt":{"rendered":"<p>GIRAS ACAD\u00c9MICAS 1.- UNIDAD ACAD\u00c9MICA EJECUTORA:CARRERA DE INGENIER\u00cdA COMERCIAL 2.-\u00a0 UNIDAD ACAD\u00c9MICA RECEPTORA: UNIVERSIDAD SANFRANCISCO DE QUITO 3.-\u00a0 NOMBRE DE LA CAPACITACI\u00d3N: ESTILO SOCIAL DEL CONOCIMIENTO HUMANO 4.-\u00a0 OBJETIVO: Comprender la importancia del sector del conocimiento y del Talento Humano, <a href=\"https:\/\/administracion.utn.edu.ec\/?page_id=495\" class=\"read-more\">Leer M\u00e1s [+] &#8230;<\/a><\/p>\n","protected":false},"author":7,"featured_media":0,"parent":488,"menu_order":3,"comment_status":"closed","ping_status":"closed","template":"","meta":{"footnotes":""},"class_list":["post-495","page","type-page","status-publish","hentry"],"_links":{"self":[{"href":"https:\/\/administracion.utn.edu.ec\/index.php?rest_route=\/wp\/v2\/pages\/495","targetHints":{"allow":["GET"]}}],"collection":[{"href":"https:\/\/administracion.utn.edu.ec\/index.php?rest_route=\/wp\/v2\/pages"}],"about":[{"href":"https:\/\/administracion.utn.edu.ec\/index.php?rest_route=\/wp\/v2\/types\/page"}],"author":[{"embeddable":true,"href":"https:\/\/administracion.utn.edu.ec\/index.php?rest_route=\/wp\/v2\/users\/7"}],"replies":[{"embeddable":true,"href":"https:\/\/administracion.utn.edu.ec\/index.php?rest_route=%2Fwp%2Fv2%2Fcomments&post=495"}],"version-history":[{"count":19,"href":"https:\/\/administracion.utn.edu.ec\/index.php?rest_route=\/wp\/v2\/pages\/495\/revisions"}],"predecessor-version":[{"id":1051,"href":"https:\/\/administracion.utn.edu.ec\/index.php?rest_route=\/wp\/v2\/pages\/495\/revisions\/1051"}],"up":[{"embeddable":true,"href":"https:\/\/administracion.utn.edu.ec\/index.php?rest_route=\/wp\/v2\/pages\/488"}],"wp:attachment":[{"href":"https:\/\/administracion.utn.edu.ec\/index.php?rest_route=%2Fwp%2Fv2%2Fmedia&parent=495"}],"curies":[{"name":"wp","href":"https:\/\/api.w.org\/{rel}","templated":true}]}}