{"id":777,"date":"2016-09-09T15:00:36","date_gmt":"2016-09-09T20:00:36","guid":{"rendered":"http:\/\/www.utn.edu.ec\/facae\/carreras\/comercial\/?page_id=777"},"modified":"2021-10-05T12:30:34","modified_gmt":"2021-10-05T17:30:34","slug":"plan-de-investigacion","status":"publish","type":"page","link":"https:\/\/administracion.utn.edu.ec\/?page_id=777","title":{"rendered":"Plan de Investigaci\u00f3n"},"content":{"rendered":"<p>La Carrera de Administraci\u00f3n de Empresas, pionera en la\u00a0 educaci\u00f3n superior en el norte del pa\u00ed\u00ads, imparte una formaci\u00f3n integral a sus docentes y estudiantes quienes se insertan como entes positivos en el campo de la investigaci\u00f3n, desarrollo econ\u00f3mico y crecimiento constante de su entorno social con el que est\u00e1n \u00edntimamente relacionados.<\/p>\n<p>El proyecto Pron\u00f3stico de la demanda tur\u00edstica incluyendo variables mercadol\u00f3gicas y administrativas caso de estudio Imbabura, Ecuador, tiene como objetivo definir una alternativa para elaborar pron\u00f3sticos cuantitativos y causales a corto plazo, de la demanda tur\u00ed\u00adstica Imbabura, Ecuador, aplicando redes neuronales como herramienta de la inteligencia artificial. Misma que permita incorporar variables mercadol\u00f3gicas y simular sus efectos en la demanda tur\u00ed\u00adstica, con rigor cient\u00edfico y pr\u00e1ctico.<\/p>\n<p>Sus resultados pueden respaldar la planificaci\u00f3n y toma de decisiones oportunas sobre acciones orientadas a estimular la demanda tur\u00edstica. Permiten simular el efecto de acciones que realiza el destino tur\u00edstico y en la que se invierten numerosos recursos.<\/p>\n<p>Constituye una adecuaci\u00f3n al contexto ecuatoriano de la metodolog\u00ed\u00ada que se aplic\u00f3 anteriormente, con buenos resultados, para pronosticar y simular las llegadas de visitantes procedentes de diferentes mercados a Cuba.<\/p>\n<p>&nbsp;<\/p>\n<p>&nbsp;<\/p>\n<p>&nbsp;<\/p>\n","protected":false},"excerpt":{"rendered":"<p>La Carrera de Administraci\u00f3n de Empresas, pionera en la\u00a0 educaci\u00f3n superior en el norte del pa\u00ed\u00ads, imparte una formaci\u00f3n integral a sus docentes y estudiantes quienes se insertan como entes positivos en el campo de la investigaci\u00f3n, desarrollo econ\u00f3mico y <a href=\"https:\/\/administracion.utn.edu.ec\/?page_id=777\" class=\"read-more\">Leer M\u00e1s [+] &#8230;<\/a><\/p>\n","protected":false},"author":7,"featured_media":0,"parent":469,"menu_order":0,"comment_status":"closed","ping_status":"closed","template":"","meta":{"footnotes":""},"class_list":["post-777","page","type-page","status-publish","hentry"],"_links":{"self":[{"href":"https:\/\/administracion.utn.edu.ec\/index.php?rest_route=\/wp\/v2\/pages\/777","targetHints":{"allow":["GET"]}}],"collection":[{"href":"https:\/\/administracion.utn.edu.ec\/index.php?rest_route=\/wp\/v2\/pages"}],"about":[{"href":"https:\/\/administracion.utn.edu.ec\/index.php?rest_route=\/wp\/v2\/types\/page"}],"author":[{"embeddable":true,"href":"https:\/\/administracion.utn.edu.ec\/index.php?rest_route=\/wp\/v2\/users\/7"}],"replies":[{"embeddable":true,"href":"https:\/\/administracion.utn.edu.ec\/index.php?rest_route=%2Fwp%2Fv2%2Fcomments&post=777"}],"version-history":[{"count":4,"href":"https:\/\/administracion.utn.edu.ec\/index.php?rest_route=\/wp\/v2\/pages\/777\/revisions"}],"predecessor-version":[{"id":957,"href":"https:\/\/administracion.utn.edu.ec\/index.php?rest_route=\/wp\/v2\/pages\/777\/revisions\/957"}],"up":[{"embeddable":true,"href":"https:\/\/administracion.utn.edu.ec\/index.php?rest_route=\/wp\/v2\/pages\/469"}],"wp:attachment":[{"href":"https:\/\/administracion.utn.edu.ec\/index.php?rest_route=%2Fwp%2Fv2%2Fmedia&parent=777"}],"curies":[{"name":"wp","href":"https:\/\/api.w.org\/{rel}","templated":true}]}}