{"id":875,"date":"2017-09-21T09:58:42","date_gmt":"2017-09-21T14:58:42","guid":{"rendered":"http:\/\/www.utn.edu.ec\/facae\/carreras\/comercial\/?page_id=875"},"modified":"2017-09-21T09:58:42","modified_gmt":"2017-09-21T14:58:42","slug":"contactos","status":"publish","type":"page","link":"https:\/\/administracion.utn.edu.ec\/?page_id=875","title":{"rendered":"Contactos"},"content":{"rendered":"<p>Para comunicarse con la Carrera de Licenciatura en Administraci\u00f3n de Empresas de la UTN utilice cualquiera de los siguientes medios:<\/p>\n<p><strong>Tel\u00e9fonos:<\/strong> +593 (6) 2 99 78 00 Ext. 7708<\/p>\n<p><strong>E-mail de informaci\u00f3n:<\/strong> <a title=\"cicom@utn.edu.ec\" href=\"mailto:cicom@utn.edu.ec\" target=\"_blank\">cicom@utn.edu.ec<\/a><\/p>\n<p><strong>Ubicaci\u00f3n<\/strong>: Ciudadela Universitaria, Av. 17 de Julio 5-21 y General Jos\u00e9 Mar\u00eda Cordova.<\/p>\n<p>Sector del Olivo.<\/p>\n<p>Ibarra, Ecuador, Am\u00e9rica del Sur.<\/p>\n<p><strong>C\u00f3digo Postal Institucional:<\/strong> 199<\/p>\n<p><strong>C\u00f3digo Postal Georeferencial:<\/strong> EC100150<\/p>\n<hr \/>\n<p><iframe loading=\"lazy\" style=\"border: 0;\" src=\"https:\/\/www.google.com\/maps\/embed?pb=!1m18!1m12!1m3!1d15958.954351547434!2d-78.11094763175753!3d0.3622257873748443!2m3!1f0!2f0!3f0!3m2!1i1024!2i768!4f13.1!3m3!1m2!1s0x0000000000000000%3A0xc97eab5c0f6a095e!2sUniversidad+Tecnica+del+Norte+%22UTN%22!5e0!3m2!1ses-419!2sec!4v1419229986791\" width=\"670\" height=\"330\" frameborder=\"0\"><\/iframe><\/p>\n<hr \/>\n<blockquote><p><strong>Tenga presente que los comentarios pueden enviar al buz\u00f3n de sugerencias en esta misma \u00e1rea, escriba sus datos y comentarios como campos obligatorios.<\/strong><\/p><\/blockquote>\n","protected":false},"excerpt":{"rendered":"<p>Para comunicarse con la Carrera de Licenciatura en Administraci\u00f3n de Empresas de la UTN utilice cualquiera de los siguientes medios: Tel\u00e9fonos: +593 (6) 2 99 78 00 Ext. 7708 E-mail de informaci\u00f3n: cicom@utn.edu.ec Ubicaci\u00f3n: Ciudadela Universitaria, Av. 17 de Julio <a href=\"https:\/\/administracion.utn.edu.ec\/?page_id=875\" class=\"read-more\">Leer M\u00e1s [+] &#8230;<\/a><\/p>\n","protected":false},"author":7,"featured_media":0,"parent":0,"menu_order":0,"comment_status":"closed","ping_status":"closed","template":"","meta":{"footnotes":""},"class_list":["post-875","page","type-page","status-publish","hentry"],"_links":{"self":[{"href":"https:\/\/administracion.utn.edu.ec\/index.php?rest_route=\/wp\/v2\/pages\/875","targetHints":{"allow":["GET"]}}],"collection":[{"href":"https:\/\/administracion.utn.edu.ec\/index.php?rest_route=\/wp\/v2\/pages"}],"about":[{"href":"https:\/\/administracion.utn.edu.ec\/index.php?rest_route=\/wp\/v2\/types\/page"}],"author":[{"embeddable":true,"href":"https:\/\/administracion.utn.edu.ec\/index.php?rest_route=\/wp\/v2\/users\/7"}],"replies":[{"embeddable":true,"href":"https:\/\/administracion.utn.edu.ec\/index.php?rest_route=%2Fwp%2Fv2%2Fcomments&post=875"}],"version-history":[{"count":1,"href":"https:\/\/administracion.utn.edu.ec\/index.php?rest_route=\/wp\/v2\/pages\/875\/revisions"}],"predecessor-version":[{"id":876,"href":"https:\/\/administracion.utn.edu.ec\/index.php?rest_route=\/wp\/v2\/pages\/875\/revisions\/876"}],"wp:attachment":[{"href":"https:\/\/administracion.utn.edu.ec\/index.php?rest_route=%2Fwp%2Fv2%2Fmedia&parent=875"}],"curies":[{"name":"wp","href":"https:\/\/api.w.org\/{rel}","templated":true}]}}