{"id":984,"date":"2023-01-10T12:40:43","date_gmt":"2023-01-10T17:40:43","guid":{"rendered":"https:\/\/administracion.utn.edu.ec\/?page_id=984"},"modified":"2024-03-19T11:48:57","modified_gmt":"2024-03-19T16:48:57","slug":"docentes-titulares","status":"publish","type":"page","link":"https:\/\/administracion.utn.edu.ec\/?page_id=984","title":{"rendered":"Docentes Titulares"},"content":{"rendered":"<table width=\"0\">\n<tbody>\n<tr>\n<td colspan=\"6\" width=\"866\">\n<p style=\"text-align: center;\"><strong>DOCENTES ADMINISTRACI\u00d3N<\/strong><\/p>\n<\/td>\n<\/tr>\n<tr>\n<td colspan=\"6\" width=\"866\">\n<p style=\"text-align: left;\"><strong>NOMBRAMIENTO<\/strong><\/p>\n<\/td>\n<\/tr>\n<tr>\n<td width=\"159\"><strong>FOTO<\/strong><\/td>\n<td width=\"134\"><strong>NOMBRE<\/strong><\/td>\n<td width=\"198\"><strong>TITULO DE TERCER NIVEL<\/strong><\/td>\n<td width=\"198\"><strong>TITULO DE CUARTO NIVEL<\/strong><\/td>\n<td width=\"170\"><strong>ASIGNATURA<\/strong><\/td>\n<td width=\"6\"><\/td>\n<\/tr>\n<tr>\n<td style=\"text-align: center;\" width=\"159\">\u00a0<a href=\"https:\/\/administracion.utn.edu.ec\/wp-content\/uploads\/2023\/01\/BELTRAN.jpg\"><img loading=\"lazy\" decoding=\"async\" class=\"alignnone size-full wp-image-1039\" src=\"https:\/\/administracion.utn.edu.ec\/wp-content\/uploads\/2023\/01\/BELTRAN.jpg\" alt=\"\" width=\"117\" height=\"146\" \/><\/a><\/td>\n<td width=\"134\">\n<p style=\"text-align: left;\">LIGIA ISABEL BELTRAN URVINA<\/p>\n<\/td>\n<td style=\"text-align: left;\" width=\"198\">BACCALAUREUS ARTIUM LICENCIADO MARKETING ADMINISTRACI\u00d3N DE EMPRESAS<\/p>\n<p>ABOGADO<\/td>\n<td style=\"text-align: left;\" width=\"198\">MAGISTER EN GESTION EMPRESARIAL<\/td>\n<td width=\"170\">\n<p style=\"text-align: left;\">\u00a0 \u00a0 \u00a0 \u00a0 \u00a0EMPRENDIMIENTO<\/p>\n<p style=\"text-align: left;\">TITULACI\u00d3N II (TESIS)<\/p>\n<\/td>\n<td width=\"6\"><\/td>\n<\/tr>\n<tr>\n<td style=\"text-align: center;\" width=\"159\">\u00a0<a href=\"https:\/\/administracion.utn.edu.ec\/wp-content\/uploads\/2023\/01\/CALDERON.jpg\"><img loading=\"lazy\" decoding=\"async\" class=\"alignnone size-full wp-image-1038\" src=\"https:\/\/administracion.utn.edu.ec\/wp-content\/uploads\/2023\/01\/CALDERON.jpg\" alt=\"\" width=\"111\" height=\"146\" \/><\/a><\/td>\n<td width=\"134\">\n<p style=\"text-align: left;\">LUIS CLEMENTE CALDER\u00d3N AYALA<\/p>\n<\/td>\n<td style=\"text-align: left;\" width=\"198\">LICENCIADO EN ADMINISTRACION DE EMPRESAS<\/p>\n<p>INGENIERO COMERCIAL<\/td>\n<td style=\"text-align: left;\" width=\"198\">MAGISTER EJECUTIVO EN DIRECCI\u00d3N DE EMPRESAS CON ENFASIS EN GERENCIA ESTRAT\u00c9GICA<br \/>\nESPECIALISTA EN GERENCIA DE PROYECTOS<\/p>\n<p>DIPLOMADO SUPERIOR EN GERENCIA DE MARKETING<\/td>\n<td width=\"170\">\n<p style=\"text-align: left;\">EVALUACI\u00d3N DE PROYECTO<\/p>\n<p style=\"text-align: left;\">PROYECTOS DE INVERS<\/p>\n<\/td>\n<td width=\"6\"><\/td>\n<\/tr>\n<tr>\n<td style=\"text-align: center;\" width=\"159\">\u00a0<a href=\"https:\/\/administracion.utn.edu.ec\/wp-content\/uploads\/2023\/01\/GALIANO.jpg\"><img loading=\"lazy\" decoding=\"async\" class=\"alignnone size-full wp-image-1037\" src=\"https:\/\/administracion.utn.edu.ec\/wp-content\/uploads\/2023\/01\/GALIANO.jpg\" alt=\"\" width=\"111\" height=\"146\" \/><\/a><\/td>\n<td width=\"134\">\n<p style=\"text-align: left;\">NELLY ELIANA GALIANO ANDRADE<\/p>\n<\/td>\n<td style=\"text-align: left;\" width=\"198\">INGENIERO EN ADMINISTRACION DE EMPRESAS<\/td>\n<td style=\"text-align: left;\" width=\"198\">MAGISTER EN GESTI\u00d3N EMPRESARIAL<\/td>\n<td width=\"170\">\n<p style=\"text-align: left;\">\u00a0 \u00a0 \u00a0 \u00a0ADMINISTRACI\u00d3N DE LA PRODUCCI\u00d3N<\/p>\n<p style=\"text-align: left;\">INVESTIGACI\u00d3N OPERATIVA<\/p>\n<p style=\"text-align: left;\">\u00a0MODELOS CUANTITATIVOS<\/p>\n<\/td>\n<td width=\"6\"><\/td>\n<\/tr>\n<tr>\n<td width=\"159\">\u00a0<a href=\"https:\/\/administracion.utn.edu.ec\/wp-content\/uploads\/2023\/01\/GALLEGOS.jpg\"><img loading=\"lazy\" decoding=\"async\" class=\"alignnone size-full wp-image-1036\" src=\"https:\/\/administracion.utn.edu.ec\/wp-content\/uploads\/2023\/01\/GALLEGOS.jpg\" alt=\"\" width=\"139\" height=\"146\" \/><\/a><\/td>\n<td width=\"134\">\n<p style=\"text-align: left;\">M\u00d3NICA CECILIA GALLEGOS VARELA<\/p>\n<\/td>\n<td style=\"text-align: left;\" width=\"198\">INGENIERA EN SISTEMAS COMPUTACIONAL<\/td>\n<td style=\"text-align: left;\" width=\"198\">MASTER UNIVERSITARIO EN COMERCIO ELECTR\u00d3NICO<\/p>\n<p>MAGISTER EN TECNOLOG\u00cdAS PARA LA GESTI\u00d3N Y PR\u00c1CTICA DOCENTE<\/td>\n<td width=\"170\">\n<p style=\"text-align: left;\">\u00a0SISTEMAS DE INFORMACI\u00d3N GERENCIAL<\/p>\n<p style=\"text-align: left;\">TIC<\/p>\n<\/td>\n<td width=\"6\"><\/td>\n<\/tr>\n<tr>\n<td style=\"text-align: left;\" width=\"159\"><a href=\"https:\/\/administracion.utn.edu.ec\/wp-content\/uploads\/2023\/01\/leon-chio.png\"><img loading=\"lazy\" decoding=\"async\" class=\"alignnone size-full wp-image-1042 aligncenter\" src=\"https:\/\/administracion.utn.edu.ec\/wp-content\/uploads\/2023\/01\/leon-chio.png\" alt=\"\" width=\"140\" height=\"149\" \/><\/a><\/td>\n<td width=\"134\">\n<p style=\"text-align: left;\">ROC\u00cdO GUADALUPE LE\u00d3N CARLOSAMA<\/p>\n<\/td>\n<td style=\"text-align: left;\" width=\"198\">INGENIERA COMERCIAL<\/td>\n<td style=\"text-align: left;\" width=\"198\">\u00a0MAGISTER EN GESTION EMPRESARIAL<\/td>\n<td width=\"170\">\n<p style=\"text-align: left;\">ADMINISTRACI\u00d3N INTEGRAL DE RIESGOS<\/p>\n<p style=\"text-align: left;\">\u00a0GESTI\u00d3N POR PROCESOS Y CALIDAD<\/p>\n<p style=\"text-align: left;\">\u00a0TITULACI\u00d3N (TESIS)<\/p>\n<\/td>\n<td width=\"6\"><\/td>\n<\/tr>\n<tr>\n<td style=\"text-align: center;\" width=\"159\">\u00a0<a href=\"https:\/\/administracion.utn.edu.ec\/wp-content\/uploads\/2023\/01\/PINEDA.jpg\"><img loading=\"lazy\" decoding=\"async\" class=\"alignnone size-full wp-image-1034\" src=\"https:\/\/administracion.utn.edu.ec\/wp-content\/uploads\/2023\/01\/PINEDA.jpg\" alt=\"\" width=\"115\" height=\"157\" \/><\/a><\/td>\n<td width=\"134\">\n<p style=\"text-align: left;\">MARLON ALEJANDRO PINEDA CARRILLO<\/p>\n<\/td>\n<td style=\"text-align: left;\" width=\"198\">LICENCIADO EN ADMINISTRACI\u00d3N DE EMPRESAS<\/td>\n<td style=\"text-align: left;\" width=\"198\">DIPLOMADO SUPERIOR EN GERENCIA DE MARKETING<\/p>\n<p>MAGISTER EJECUTIVO EN DIRECCI\u00d3N DE EMPRESAS CON ENFASIS EN GERENCIA ESTRAT\u00c9GICA<\/p>\n<p>ESPECIALISTA EN GERENCIA DE PROYECTOS<\/td>\n<td width=\"170\">\n<p style=\"text-align: left;\">\u00a0CULTURA Y COMPORTAMIENTO ORGANIZACIONAL<\/p>\n<\/td>\n<td width=\"6\"><\/td>\n<\/tr>\n<tr>\n<td style=\"text-align: center;\" width=\"159\">\u00a0<a href=\"https:\/\/administracion.utn.edu.ec\/wp-content\/uploads\/2023\/01\/PINTO.jpg\"><img loading=\"lazy\" decoding=\"async\" class=\"alignnone size-full wp-image-1033\" src=\"https:\/\/administracion.utn.edu.ec\/wp-content\/uploads\/2023\/01\/PINTO.jpg\" alt=\"\" width=\"126\" height=\"147\" \/><\/a><\/td>\n<td width=\"134\">\n<p style=\"text-align: left;\">C\u00c9SAR ARLINDO PINTO ACOSTA<\/p>\n<\/td>\n<td style=\"text-align: left;\" width=\"198\">DOCTOR EN GESTION DE LA ADMINISTRACI\u00d3N PUBLICA<\/p>\n<p>INGENIERO COMERCIAL ADMINISTRADOR<\/p>\n<p>LICENCIADO EN ADMINISTRACION<\/td>\n<td style=\"text-align: left;\" width=\"198\">MAGISTER EN DOCENCIA E INVESTIGACI\u00d3N UNIVERSITARIA<\/p>\n<p>MAGISTER EN GESTION EMPRESARIAL<\/td>\n<td width=\"170\">\n<p style=\"text-align: left;\">DISE\u00d1O Y ESTRUCTURAS ORGANIZACIONALES<\/p>\n<p style=\"text-align: left;\">GERENCIA EMPRESARIAL<\/p>\n<\/td>\n<td width=\"6\"><\/td>\n<\/tr>\n<tr>\n<td style=\"text-align: center;\" width=\"159\">\u00a0<a href=\"https:\/\/administracion.utn.edu.ec\/wp-content\/uploads\/2023\/01\/RODRIGUEZ.jpg\"><img loading=\"lazy\" decoding=\"async\" class=\"alignnone size-full wp-image-1032\" src=\"https:\/\/administracion.utn.edu.ec\/wp-content\/uploads\/2023\/01\/RODRIGUEZ.jpg\" alt=\"\" width=\"129\" height=\"157\" \/><\/a><\/td>\n<td width=\"134\">\n<p style=\"text-align: left;\">ROSA ELENA RODR\u00cdGUEZ TREJO<\/p>\n<\/td>\n<td style=\"text-align: left;\" width=\"198\">INGENIERA COMERCIAL<\/p>\n<p>LICENCIADA EN ADMINISTRACION DE EMPRESAS<\/td>\n<td style=\"text-align: left;\" width=\"198\">DIPLOMADO SUPERIOR EN GERENCIA DE MARKETING<\/p>\n<p>ESPECIALISTA EN GERENCIA DE PROYECTOS<\/p>\n<p>DIPLOMA SUPERIOR EN INVESTIGACI\u00d3N<\/p>\n<p>MAGISTER EJECUTIVA EN DIRECCI\u00d3N DE EMPRESAS CON \u00c9NFASIS EN GERENCIA ESTRAT\u00c9GICA<\/td>\n<td width=\"170\">\n<p style=\"text-align: left;\">AUDITORIA DE GESTI\u00d3N<\/p>\n<p style=\"text-align: left;\">GESTI\u00d3N DEL TALENTO HUMANO<\/p>\n<p style=\"text-align: left;\">TITULACI\u00d3N I (Ex\u00e1men Complexivo)<\/p>\n<\/td>\n<td width=\"6\"><\/td>\n<\/tr>\n<tr>\n<td width=\"159\">\u00a0<a href=\"https:\/\/administracion.utn.edu.ec\/wp-content\/uploads\/2023\/01\/VALLEJOS.jpg\"><img loading=\"lazy\" decoding=\"async\" class=\"alignnone size-full wp-image-1031\" src=\"https:\/\/administracion.utn.edu.ec\/wp-content\/uploads\/2023\/01\/VALLEJOS.jpg\" alt=\"\" width=\"129\" height=\"166\" \/><\/a><\/td>\n<td width=\"134\">HENRY MARCELO VALLEJOS ORBE<\/td>\n<td width=\"198\">INGENIERO COMERCIAL MENCION FINANZAS<\/p>\n<p>LICENCIADO EN ADMINISTRACI\u00d3N DE EMPRESAS<\/p>\n<p>PROFESOR DE SEGUNDA ENSE\u00d1ANZA EN LA ESPECIALIZACI\u00d3N DE HISTORIA Y GEOGRAFIA<\/td>\n<td width=\"198\">MAGISTER EN CONTABILIDAD Y AUDITOR\u00cdA<\/td>\n<td width=\"170\">CONTABILIDAD DE COSTOS<\/p>\n<p>CONTROL DE COSTOS<\/td>\n<td width=\"6\"><\/td>\n<\/tr>\n<\/tbody>\n<\/table>\n<p>&nbsp;<\/p>\n<p>&nbsp;<\/p>\n<table width=\"0\">\n<tbody>\n<tr>\n<td colspan=\"5\" width=\"851\">\n<p style=\"text-align: left;\"><strong>CONTRATO<\/strong><\/p>\n<\/td>\n<\/tr>\n<tr>\n<td width=\"145\"><strong>FOTO<\/strong><\/td>\n<td width=\"159\"><strong>NOMBRE<\/strong><\/td>\n<td width=\"170\"><strong>TITULO DE TERCER NIVEL<\/strong><\/td>\n<td width=\"197\"><strong>TITULO DE CUARTO NIVEL<\/strong><\/td>\n<td width=\"179\"><strong>ASIGNATURA<\/strong><\/td>\n<\/tr>\n<tr>\n<td width=\"145\">\u00a0<a href=\"https:\/\/administracion.utn.edu.ec\/wp-content\/uploads\/2023\/01\/JACOME.jpg\"><img loading=\"lazy\" decoding=\"async\" class=\"alignnone size-full wp-image-1030\" src=\"https:\/\/administracion.utn.edu.ec\/wp-content\/uploads\/2023\/01\/JACOME.jpg\" alt=\"\" width=\"127\" height=\"163\" \/><\/a><\/td>\n<td width=\"159\">JOS\u00c9 GUILLERMO J\u00c1COME LEON<\/td>\n<td width=\"170\">INGENIERO EN SISTEMAS COMPUTACIONALES<\/td>\n<td width=\"197\">MAGISTER EN GESTI\u00d3N DE SISTEMAS DE INFORMACI\u00d3N E INTELIGENCIA DE NEGOCIOS<\/td>\n<td width=\"179\">\n<p style=\"text-align: left;\">ESTAD\u00cdSTICA APLICADA<\/p>\n<p style=\"text-align: left;\">ESTAD\u00cdSTICA B\u00c1SICA<\/p>\n<\/td>\n<\/tr>\n<\/tbody>\n<\/table>\n<p>&nbsp;<\/p>\n<p>&nbsp;<\/p>\n<p>&nbsp;<\/p>\n","protected":false},"excerpt":{"rendered":"<p>DOCENTES ADMINISTRACI\u00d3N NOMBRAMIENTO FOTO NOMBRE TITULO DE TERCER NIVEL TITULO DE CUARTO NIVEL ASIGNATURA \u00a0 LIGIA ISABEL BELTRAN URVINA BACCALAUREUS ARTIUM LICENCIADO MARKETING ADMINISTRACI\u00d3N DE EMPRESAS ABOGADO MAGISTER EN GESTION EMPRESARIAL \u00a0 \u00a0 \u00a0 \u00a0 \u00a0EMPRENDIMIENTO TITULACI\u00d3N II (TESIS) \u00a0 <a href=\"https:\/\/administracion.utn.edu.ec\/?page_id=984\" class=\"read-more\">Leer M\u00e1s [+] &#8230;<\/a><\/p>\n","protected":false},"author":8,"featured_media":0,"parent":0,"menu_order":0,"comment_status":"closed","ping_status":"closed","template":"","meta":{"footnotes":""},"class_list":["post-984","page","type-page","status-publish","hentry"],"_links":{"self":[{"href":"https:\/\/administracion.utn.edu.ec\/index.php?rest_route=\/wp\/v2\/pages\/984","targetHints":{"allow":["GET"]}}],"collection":[{"href":"https:\/\/administracion.utn.edu.ec\/index.php?rest_route=\/wp\/v2\/pages"}],"about":[{"href":"https:\/\/administracion.utn.edu.ec\/index.php?rest_route=\/wp\/v2\/types\/page"}],"author":[{"embeddable":true,"href":"https:\/\/administracion.utn.edu.ec\/index.php?rest_route=\/wp\/v2\/users\/8"}],"replies":[{"embeddable":true,"href":"https:\/\/administracion.utn.edu.ec\/index.php?rest_route=%2Fwp%2Fv2%2Fcomments&post=984"}],"version-history":[{"count":13,"href":"https:\/\/administracion.utn.edu.ec\/index.php?rest_route=\/wp\/v2\/pages\/984\/revisions"}],"predecessor-version":[{"id":1076,"href":"https:\/\/administracion.utn.edu.ec\/index.php?rest_route=\/wp\/v2\/pages\/984\/revisions\/1076"}],"wp:attachment":[{"href":"https:\/\/administracion.utn.edu.ec\/index.php?rest_route=%2Fwp%2Fv2%2Fmedia&parent=984"}],"curies":[{"name":"wp","href":"https:\/\/api.w.org\/{rel}","templated":true}]}}